{"id":16,"date":"2014-10-31T19:05:47","date_gmt":"2014-10-31T17:05:47","guid":{"rendered":"http:\/\/theophanu.unitas.org\/?page_id=16"},"modified":"2021-04-12T19:26:55","modified_gmt":"2021-04-12T17:26:55","slug":"nuetzliches","status":"publish","type":"page","link":"https:\/\/theophanu.unitas.org\/?page_id=16","title":{"rendered":"N\u00fctzliche Links"},"content":{"rendered":"<div class=\"Stil1\" align=\"center\">\n<p style=\"text-align: justify;\" align=\"left\">Verband:<\/p>\n<\/div>\n<ul style=\"list-style-type: square;\" type=\"square\">\n<li><span class=\"Stil2\"><span class=\"Stil10\"><a class=\"Stil9\" href=\"http:\/\/www.unitas.org\/\" target=\"_blank\" rel=\"noopener noreferrer\">Verband der wissenschaftlichen katholischen Studentenvereine Unitas:<br \/>\n<\/a><\/span><\/span><span class=\"Stil7\"><span class=\"Stil10\"><span class=\"Stil8\"><span class=\"Stil23\">Der Dachverband unseres Vereins<\/span><br \/>\n<\/span><\/span><\/span><\/li>\n<li><span class=\"Stil9\"><a class=\"Stil9\" href=\"http:\/\/landshut.unitas.org\/\" target=\"_blank\" rel=\"noopener noreferrer\">W.K.St.V. Unitas Landshut zu K\u00f6ln:<\/a><\/span><a class=\"Stil10\" href=\"http:\/\/landshut.unitas.org\/\" target=\"_blank\" rel=\"noopener noreferrer\"><br \/>\n<\/a><span class=\"Stil24\">Unsere lieben Bundesbr\u00fcder in K\u00f6ln<\/span><\/li>\n<li><span class=\"Stil9\"><a class=\"Stil9\" href=\"http:\/\/hbv-koeln.unitas.org\/\" target=\"_blank\" rel=\"noopener noreferrer\">Studentenwohnheim Unitas K\u00f6ln e.V.:<\/a><\/span><a class=\"Stil10\" href=\"http:\/\/hbv-koeln.unitas.org\/\" target=\"_blank\" rel=\"noopener noreferrer\"><br \/>\n<\/a><span class=\"Stil8\"><span class=\"Stil23\">Es gibt regelm\u00e4\u00dfig freie Zimmer in unserem Wohnheim in K\u00f6ln<\/span>.<br \/>\n<\/span><\/li>\n<\/ul>\n<p class=\"Stil18\"><span class=\"Stil17\">Studieren in K\u00f6ln:<\/span><\/p>\n<ul style=\"list-style-type: square;\" type=\"square\">\n<li><a class=\"Stil10\" href=\"http:\/\/www.uni-koeln.de\/\" target=\"_blank\" rel=\"noopener noreferrer\"><span class=\"Stil9\">Universit\u00e4t zu K\u00f6ln:<\/span><br \/>\n<\/a><span class=\"Stil24\">Die Internetpr\u00e4senz der Universit\u00e4t zu K\u00f6ln<\/span><\/li>\n<li><span class=\"Stil22\"><a class=\"Stil9\" href=\"http:\/\/www.fh-koeln.de\/\" target=\"_blank\" rel=\"noopener noreferrer\">Fachhochschule K\u00f6ln: <\/a><\/span><a class=\"Stil10\" href=\"http:\/\/www.fh-koeln.de\/\" target=\"_blank\" rel=\"noopener noreferrer\"><br \/>\n<\/a><span class=\"Stil8\"><span class=\"Stil23\">Die Internetpr\u00e4senz der Fachhochschule K\u00f6ln<\/span><br \/>\n<\/span><\/li>\n<li><span class=\"Stil9\"><a class=\"Stil9\" href=\"http:\/\/www.cbs-edu.de\/\" target=\"_blank\" rel=\"noopener noreferrer\">Cologne Business School: <\/a><\/span><a class=\"Stil10\" href=\"http:\/\/www.cbs-edu.de\/\" target=\"_blank\" rel=\"noopener noreferrer\"><br \/>\n<\/a><span class=\"Stil24\">Die CBS ist die internationale Business School der Europ\u00e4ischen Fachhochschule Rhein\/Erft und z\u00e4hlt zu den deutschen Top-Wirtschafts-Fachhochschulen (CHE-Hochschulranking 08\/09). <\/span><\/li>\n<li><span class=\"Stil10\"><a class=\"Stil9\" href=\"http:\/\/www.kstw.de\/\" target=\"_blank\" rel=\"noopener noreferrer\">K\u00f6lner Studentenwerk:<\/a> <\/span><br \/>\n<span class=\"Stil24\">Tipps und Informationen der K\u00f6lner Hochschulen f\u00fcr alle Studierenden<\/span><\/li>\n<li><span class=\"Stil9\"><a href=\"http:\/\/www.koeln.de\/\" target=\"_blank\" rel=\"noopener noreferrer\">Die Stadt K\u00f6ln:<\/a><\/span><br \/>\n<span class=\"Stil24\"><span class=\"Stil24\">Alles \u00fcber Kultur, Geschichte, Veranstaltungen und Nachrichten aus der Stadt am Rhein<\/span><\/span><\/li>\n<\/ul>\n<p>Facebook:<\/p>\n<ul style=\"list-style-type: square;\" type=\"square\">\n<li><span class=\"Stil2\"><span class=\"Stil10\"><a class=\"Stil9\" href=\"https:\/\/www.facebook.com\/unitastheophanu\" target=\"_blank\" rel=\"noopener noreferrer\">W.K.St.V. Unitas Theophanu<br \/>\n<\/a><\/span><\/span><\/li>\n<\/ul>\n<p class=\"Stil25\" align=\"justify\"><span class=\"Stil20\">Instagram:<\/span><\/p>\n<ul style=\"list-style-type: square;\" type=\"square\">\n<li><span class=\"Stil2\"><span class=\"Stil10\"><a href=\"https:\/\/www.instagram.com\/unitastheophanu\/\" target=\"_blank\" rel=\"noopener noreferrer\">@unitastheophanu<\/a><\/span><\/span><\/li>\n<\/ul>\n<p class=\"Stil10\"><span class=\"Stil25\">Mit Urteil vom 12. Mai 1998 -Az. 312 O 85\/98 &#8211; Haftung f\u00fcr Links, hat das Landgericht (LG) Hamburg entschieden, dass man durch die Erstellung eines Links die Inhalte der gelinkten Seite ggf. mit zu verantworten hat. Dies kann, so das Gericht, nur dadurch verhindert werden, dass man sich ausdr\u00fccklich von diesen Inhalten distanziert. Da wir keinerlei Einfluss auf die Gestaltung und die Inhalte der gelinkten Seiten haben, distanzieren wir uns ausdr\u00fccklich von den Inhalten aller Seiten, die \u00fcber Links von hier erreichbar sind, die sich nicht auf diesem Server befinden oder die \u00fcber Suchabfrage von dieser Seite gefunden werden k\u00f6nnen!<\/span><\/p>\n","protected":false},"excerpt":{"rendered":"<div class=\"mh-excerpt\"><p>Verband: Verband der wissenschaftlichen katholischen Studentenvereine Unitas: Der Dachverband unseres Vereins W.K.St.V. Unitas Landshut zu K\u00f6ln: Unsere lieben Bundesbr\u00fcder in K\u00f6ln Studentenwohnheim Unitas K\u00f6ln e.V.: <a class=\"mh-excerpt-more\" href=\"https:\/\/theophanu.unitas.org\/?page_id=16\" title=\"N\u00fctzliche Links\">[&#8230;]<\/a><\/p>\n<\/div>","protected":false},"author":1,"featured_media":0,"parent":0,"menu_order":0,"comment_status":"open","ping_status":"closed","template":"","meta":{"footnotes":""},"class_list":["post-16","page","type-page","status-publish","hentry"],"_links":{"self":[{"href":"https:\/\/theophanu.unitas.org\/index.php?rest_route=\/wp\/v2\/pages\/16","targetHints":{"allow":["GET"]}}],"collection":[{"href":"https:\/\/theophanu.unitas.org\/index.php?rest_route=\/wp\/v2\/pages"}],"about":[{"href":"https:\/\/theophanu.unitas.org\/index.php?rest_route=\/wp\/v2\/types\/page"}],"author":[{"embeddable":true,"href":"https:\/\/theophanu.unitas.org\/index.php?rest_route=\/wp\/v2\/users\/1"}],"replies":[{"embeddable":true,"href":"https:\/\/theophanu.unitas.org\/index.php?rest_route=%2Fwp%2Fv2%2Fcomments&post=16"}],"version-history":[{"count":14,"href":"https:\/\/theophanu.unitas.org\/index.php?rest_route=\/wp\/v2\/pages\/16\/revisions"}],"predecessor-version":[{"id":967,"href":"https:\/\/theophanu.unitas.org\/index.php?rest_route=\/wp\/v2\/pages\/16\/revisions\/967"}],"wp:attachment":[{"href":"https:\/\/theophanu.unitas.org\/index.php?rest_route=%2Fwp%2Fv2%2Fmedia&parent=16"}],"curies":[{"name":"wp","href":"https:\/\/api.w.org\/{rel}","templated":true}]}}