{"id":333,"date":"2017-04-13T10:04:21","date_gmt":"2017-04-13T08:04:21","guid":{"rendered":"http:\/\/theophanu.unitas.org\/?page_id=333"},"modified":"2018-05-25T11:02:19","modified_gmt":"2018-05-25T09:02:19","slug":"unitas-theophanu","status":"publish","type":"page","link":"https:\/\/theophanu.unitas.org\/?page_id=333","title":{"rendered":"\u00dcber uns"},"content":{"rendered":"<p>2001 wurde das Frauenforum Unitas (FFU) von 6 Hausbewohnerinnen des K\u00f6lner Studentenheims Unitas gegr\u00fcndet. Ziel war es, einen Beitrag am Vereinsleben der Unitas Landshut, in Form der Gestaltung eigener Wissenschaftlicher Sitzungen und Vortr\u00e4ge, zu leisten. Die Studentinnen wollten an den \u00dcberzeugungen und dem Vereinsleben der Unitarier teilhaben und sich aktiv einbringen.<\/p>\n<p><strong class=\"Stil18\">Der W.K.St.V. Unitas Theophanu K\u00f6ln erblickt das Licht der Welt<\/strong><\/p>\n<figure id=\"attachment_90\" aria-describedby=\"caption-attachment-90\" style=\"width: 223px\" class=\"wp-caption alignnone\"><a href=\"https:\/\/theophanu.unitas.org\/wp-content\/uploads\/2014\/10\/10744542_803370653058936_1224665401_n.jpg\"><img loading=\"lazy\" decoding=\"async\" class=\"wp-image-90\" src=\"https:\/\/theophanu.unitas.org\/wp-content\/uploads\/2014\/10\/10744542_803370653058936_1224665401_n.jpg\" alt=\"10744542_803370653058936_1224665401_n\" width=\"223\" height=\"205\" \/><\/a><figcaption id=\"caption-attachment-90\" class=\"wp-caption-text\">Unser Zirkel.<\/figcaption><\/figure>\n<p class=\"Stil16\" align=\"left\">Nach einigen \u00dcberlegungen entschlossen sich die Studentinnen, einen eigenen Verein zu gr\u00fcnden. Am 06. Januar 2004 wurde im K\u00f6lner Vereinshaus \u00fcber die Gr\u00fcndung entschieden. Nach dieser Gr\u00fcndungssitzung wurde der W.K.St.V. Unitas Theophanu auf der 127. Generalversammlung in Hamburg offiziell in den Unitas Verband aufgenommen.<br \/>\nSomit ist die Unitas Theophanu der 6. Studentinnenverein des UNITAS Verbands.<\/p>\n<p class=\"Stil16\" align=\"left\">In den folgenden Jahren konnten wir unser eigenes Profil ausbilden und uns im Unitas Verband als stabile Gr\u00f6\u00dfe etablieren. Wir leben die Prinzipien der UNITAS durch interessante und abwechslungsreiche Vortr\u00e4ge (Wissenschaftliche Sitzungen), Gottesdienste und ein festes freundschaftliches Band.<\/p>\n<p><strong><em><span class=\"Stil18\">Unsere Farbenstrophe<\/span><\/em><\/strong><\/p>\n<p>Mit der Farbenstrophe, die wir gemeinsam singen, m\u00f6chten wir unsere Geschichte und unseren Zusammenhalt ausdr\u00fccken.<\/p>\n<p class=\"Stil16\" align=\"center\">&#8222;In K\u00f6ln am Rhein fand sich Gemeinschaft<br \/>\nDraus entstand das FFU<br \/>\nUnitas zeigt uns ihr Wirken<br \/>\nGr\u00fcnden Unitas Theophanu<br \/>\nGold, blau, wei\u00df sind unsere Farben<br \/>\nDie Prinzipien solln uns binden<br \/>\nWissenschaft, Freundschaft und die Tugend<br \/>\nI:M\u00f6gen viele zu uns finden:I&#8220;<\/p>\n<p class=\"Stil18\"><em><strong><br \/>\nUnser Wappen<\/strong><\/em><\/p>\n<div class=\"mceTemp\"><\/div>\n<p><a href=\"https:\/\/theophanu.unitas.org\/wp-content\/uploads\/2017\/04\/wappen-theophanau-21.jpg\"><img loading=\"lazy\" decoding=\"async\" class=\"alignnone wp-image-350\" src=\"https:\/\/theophanu.unitas.org\/wp-content\/uploads\/2017\/04\/wappen-theophanau-21-213x300.jpg\" alt=\"\" width=\"227\" height=\"320\" srcset=\"https:\/\/theophanu.unitas.org\/wp-content\/uploads\/2017\/04\/wappen-theophanau-21-213x300.jpg 213w, https:\/\/theophanu.unitas.org\/wp-content\/uploads\/2017\/04\/wappen-theophanau-21-768x1082.jpg 768w, https:\/\/theophanu.unitas.org\/wp-content\/uploads\/2017\/04\/wappen-theophanau-21-727x1024.jpg 727w\" sizes=\"auto, (max-width: 227px) 100vw, 227px\" \/><\/a><\/p>\n<p class=\"Stil16\">Ein eigenes Wappen zu entwerfen ist keine leichte Aufgabe, denn es soll in Zeichen und Bilder den Kerngedanken eines Vereins treffen.<\/p>\n<p>Also haben wir uns entschlossen, unsere Prinzipen, unseren Namen und unseren Standort einzubringen.<\/p>\n<p class=\"Stil16\">Den Kopf des Wappens ziert ein Bild unserer Namengeberin, der Kaiserin Theophanu. Unter ihr sind die Prinzipien des Unitas Verbandes abgebildet: Die verbundenen H\u00e4nde f\u00fcr die Freundschaft (Amicitia), die Lilie f\u00fcr die Tugend (virtus) und die Eule f\u00fcr die Wissenschaft (scientia). Als letzter Teil soll das Wappen K\u00f6lns unsere Verbundenheit zu dieser sch\u00f6nen Stadt am Rhein repr\u00e4sentieren.<\/p>\n<p class=\"Stil3\"><strong>Vivat, floreat, crescat, Unitas Theophanu ad multos annos!<\/strong><\/p>\n","protected":false},"excerpt":{"rendered":"<div class=\"mh-excerpt\"><p>2001 wurde das Frauenforum Unitas (FFU) von 6 Hausbewohnerinnen des K\u00f6lner Studentenheims Unitas gegr\u00fcndet. Ziel war es, einen Beitrag am Vereinsleben der Unitas Landshut, in <a class=\"mh-excerpt-more\" href=\"https:\/\/theophanu.unitas.org\/?page_id=333\" title=\"\u00dcber uns\">[&#8230;]<\/a><\/p>\n<\/div>","protected":false},"author":1,"featured_media":0,"parent":0,"menu_order":0,"comment_status":"closed","ping_status":"closed","template":"","meta":{"footnotes":""},"class_list":["post-333","page","type-page","status-publish","hentry"],"_links":{"self":[{"href":"https:\/\/theophanu.unitas.org\/index.php?rest_route=\/wp\/v2\/pages\/333","targetHints":{"allow":["GET"]}}],"collection":[{"href":"https:\/\/theophanu.unitas.org\/index.php?rest_route=\/wp\/v2\/pages"}],"about":[{"href":"https:\/\/theophanu.unitas.org\/index.php?rest_route=\/wp\/v2\/types\/page"}],"author":[{"embeddable":true,"href":"https:\/\/theophanu.unitas.org\/index.php?rest_route=\/wp\/v2\/users\/1"}],"replies":[{"embeddable":true,"href":"https:\/\/theophanu.unitas.org\/index.php?rest_route=%2Fwp%2Fv2%2Fcomments&post=333"}],"version-history":[{"count":5,"href":"https:\/\/theophanu.unitas.org\/index.php?rest_route=\/wp\/v2\/pages\/333\/revisions"}],"predecessor-version":[{"id":622,"href":"https:\/\/theophanu.unitas.org\/index.php?rest_route=\/wp\/v2\/pages\/333\/revisions\/622"}],"wp:attachment":[{"href":"https:\/\/theophanu.unitas.org\/index.php?rest_route=%2Fwp%2Fv2%2Fmedia&parent=333"}],"curies":[{"name":"wp","href":"https:\/\/api.w.org\/{rel}","templated":true}]}}