{"id":8,"date":"2014-10-31T19:05:29","date_gmt":"2014-10-31T17:05:29","guid":{"rendered":"http:\/\/theophanu.unitas.org\/?page_id=8"},"modified":"2021-04-12T19:24:56","modified_gmt":"2021-04-12T17:24:56","slug":"was-ist-die-unitas-oder-auch-wem-gehoeren-wir-an","status":"publish","type":"page","link":"https:\/\/theophanu.unitas.org\/?page_id=8","title":{"rendered":"Der Unitasverband"},"content":{"rendered":"<p class=\"Stil19\"><span class=\"Stil20\"><strong><br \/>\n\u201eKennst du einen, kennst du alle\u2026oder?!\u201c<\/strong><\/span><\/p>\n<p>Studentenverb\u00e4nde haben Tradition. Das sieht jede*r, sp\u00e4testens, wenn er*sie bei bestimmten Gelegenheiten \u00f6ffentlich auftreten: Altert\u00fcmliche Kleidung, Fahnen, S\u00e4bel, alles, was eben dazugeh\u00f6rt. Schnell dr\u00e4ngt sich das sichere Urteil auf: &#8222;Die sind alle gleich &#8211; also alle in einen Topf.&#8220; Doch Achtung: Wer auf eigene Faust versucht, die sehr unterschiedlichen Verb\u00e4nde auseinander zu halten, erleidet leicht Schiffbruch: Gro\u00df ist das Angebot, un\u00fcbersichtlich die feinen, aber entscheidenden Unterschiede.<br \/>\nAuf diese Unterschiede zu schauen, ist wichtig: Die Verb\u00e4nde selbst tun es, die Mitglieder tun es. Sicher also auch jemand, der mehr \u00fcber einen bestimmten Verband erfahren will.<\/p>\n<p class=\"Stil27\"><strong>Der \u00e4lteste katholische Studentenverband Deutschlands<\/strong><\/p>\n<p class=\"Stil19\" align=\"left\">Als erster der traditionellen Korporationsverb\u00e4nde \u00f6ffnete sich die UNITAS auch f\u00fcr Studentinnen. Momentan existieren Studentinnenvereine in Marburg, Bonn, Gie\u00dfen, K\u00f6ln, Heidelberg, Essen und M\u00fcnster. Der 1855 von Bonn und T\u00fcbingen aus begr\u00fcndete und \u00e4lteste katholische Studenten- und Akademikerverband Deutschlands z\u00e4hlte als einer der gr\u00f6\u00dften Korporationsverb\u00e4nde in Deutschland und \u00d6sterreich vor dem zweiten Weltkrieg fast 70 aktive Ortsvereine zwischen K\u00f6nigsberg und Stra\u00dfburg, Innsbruck und Paris. Er wurde 1938 von den Nazis als &#8222;staatsfeindliche Organisation&#8220; verboten.<br \/>\nDem 1947 wieder konstituierten Verband geh\u00f6ren gegenw\u00e4rtig 46 UNITAS-Vereine an \u00fcber 30 deutschen Hochschulen an, in denen fast 900 Student*innen aller Fakult\u00e4ten zusammen leben, studieren und arbeiten 7000 ehemalige Aktive sind in 62 Altherrenvereinen und 164 Ortszirkeln zusammengeschlossen.<\/p>\n<p class=\"Stil19\" align=\"left\">Die UNITAS ist Mitglied der Katholischen Akademikerarbeit Deutschlands (KAD) und im Zentralrat der Deutschen Katholiken (ZdK) vertreten. Der Studentenverband arbeitet neben der Mitgliedschaft im Bund der Deutschen Katholischen Jugend (BDKJ) mit den anderen katholischen Studentenverb\u00e4nden in der Arbeitsgemeinschaft Katholischer Studentenverb\u00e4nde (AGV) und im Europ\u00e4ischen Kartellverband Christlicher Studentenvereine (EKV) zusammmen.<\/p>\n<p class=\"Stil19\"><strong>Prinzipiell gesehen&#8230;<\/strong><\/p>\n<p>Die UNITAS dr\u00fcckt ihr Selbstverst\u00e4ndnis in ihren 3 Prinzipien aus. Diese sollen allen Mitgliedern als Leitfaden dienen.<br \/>\n<strong><br \/>\n<em>Virtus (Tugend)<\/em><\/strong><br \/>\nEine von christlichen Werten gepr\u00e4gte Lebensf\u00fchrung, zu der soziales Engagement, Toleranz und Zivilcourage geh\u00f6ren. Dieses Prinzip soll aber ausdr\u00fccklich gen\u00fcgend Freiraum f\u00fcr den Glauben jeder*s Einzelnen lassen.<br \/>\n<strong><em><br \/>\nScientia (Wissenschaft)\u00a0<\/em>\u00a0\u00a0\u00a0\u00a0\u00a0\u00a0\u00a0\u00a0\u00a0\u00a0\u00a0\u00a0\u00a0\u00a0\u00a0\u00a0\u00a0\u00a0\u00a0\u00a0\u00a0\u00a0\u00a0 <\/strong><br \/>\nEin Bildungsstreben, welches durch f\u00e4cher\u00fcbergreifende Diskussionen und Informationen ein umfassendes Allgemeinwissen vermittelt. Dies wird dadurch erm\u00f6glicht, dass Student*innen verschiedener Fakult\u00e4ten zusammenkommen und sich in Wissenschaftlichen Sitzungen \u00fcber neue Themengebiete informieren.<br \/>\n<strong><br \/>\n<em>Amicitia (Freundschaft)\u00a0<\/em>\u00a0\u00a0\u00a0\u00a0\u00a0\u00a0\u00a0\u00a0\u00a0\u00a0\u00a0\u00a0\u00a0\u00a0\u00a0\u00a0\u00a0\u00a0\u00a0\u00a0\u00a0\u00a0<\/strong><br \/>\nEin intensives Zusammengeh\u00f6rigkeitsgef\u00fchl, aus dem Freundschaften f\u00fcr das ganze Leben hervorgehen. Es ist eine freundschaftliche Verbundenheit von j\u00fcngeren und \u00e4lteren Unitarierinnen und Unitariern, welche eine weitergehende Auseinandersetzung auch \u00fcber Generationen hinweg erm\u00f6glicht. Darunter verstehen wir den Austausch von Erfahrungen und Meinungen in einem geselligen Rahmen, an dem beide Seiten gewinnen.<\/p>\n<p class=\"Stil19\"><strong><span class=\"Stil20\">N\u00fctzliches und Interessantes:<\/span><\/strong><\/p>\n<p><strong>Vollst\u00e4ndige Geschichte der UNITAS<\/strong><br \/>\nEine ausf\u00fchrliche Geschichte der Studentenverbindungen und des Unitas Verbandes finden Sie unter <a href=\"http:\/\/www.unitas.org\/\">www.unitas.org<\/a><\/p>\n","protected":false},"excerpt":{"rendered":"<div class=\"mh-excerpt\"><p>\u201eKennst du einen, kennst du alle\u2026oder?!\u201c Studentenverb\u00e4nde haben Tradition. Das sieht jede*r, sp\u00e4testens, wenn er*sie bei bestimmten Gelegenheiten \u00f6ffentlich auftreten: Altert\u00fcmliche Kleidung, Fahnen, S\u00e4bel, alles, <a class=\"mh-excerpt-more\" href=\"https:\/\/theophanu.unitas.org\/?page_id=8\" title=\"Der Unitasverband\">[&#8230;]<\/a><\/p>\n<\/div>","protected":false},"author":1,"featured_media":0,"parent":0,"menu_order":0,"comment_status":"open","ping_status":"closed","template":"","meta":{"footnotes":""},"class_list":["post-8","page","type-page","status-publish","hentry"],"_links":{"self":[{"href":"https:\/\/theophanu.unitas.org\/index.php?rest_route=\/wp\/v2\/pages\/8","targetHints":{"allow":["GET"]}}],"collection":[{"href":"https:\/\/theophanu.unitas.org\/index.php?rest_route=\/wp\/v2\/pages"}],"about":[{"href":"https:\/\/theophanu.unitas.org\/index.php?rest_route=\/wp\/v2\/types\/page"}],"author":[{"embeddable":true,"href":"https:\/\/theophanu.unitas.org\/index.php?rest_route=\/wp\/v2\/users\/1"}],"replies":[{"embeddable":true,"href":"https:\/\/theophanu.unitas.org\/index.php?rest_route=%2Fwp%2Fv2%2Fcomments&post=8"}],"version-history":[{"count":11,"href":"https:\/\/theophanu.unitas.org\/index.php?rest_route=\/wp\/v2\/pages\/8\/revisions"}],"predecessor-version":[{"id":964,"href":"https:\/\/theophanu.unitas.org\/index.php?rest_route=\/wp\/v2\/pages\/8\/revisions\/964"}],"wp:attachment":[{"href":"https:\/\/theophanu.unitas.org\/index.php?rest_route=%2Fwp%2Fv2%2Fmedia&parent=8"}],"curies":[{"name":"wp","href":"https:\/\/api.w.org\/{rel}","templated":true}]}}